{"id":773,"date":"2017-09-08T18:30:08","date_gmt":"2017-09-08T18:30:08","guid":{"rendered":"https:\/\/www.soniva.ca\/?page_id=773\/"},"modified":"2017-09-08T18:33:45","modified_gmt":"2017-09-08T18:33:45","slug":"a-propos","status":"publish","type":"page","link":"https:\/\/www.soniva.ca\/fr\/a-propos\/","title":{"rendered":"\u00c0 propos"},"content":{"rendered":"<p style=\"text-align: justify;\">Soniva a \u00e9t\u00e9 fond\u00e9e sur des principes orient\u00e9s vers le client. Soniva fournit des produits et des services de qualit\u00e9 par lesquels nous mettons en \u0153uvre des projets de technologie dont la r\u00e9ussite est compl\u00e8te du d\u00e9but \u00e0 la fin. L\u2019\u00e9quipe technique de Soniva comprend la complexit\u00e9 de la technologie et la mani\u00e8re par laquelle les projets informatiques peuvent \u00eatre une t\u00e2che intimidante pour de nombreuses personnes sans connaissances techniques.<\/p>\n<p style=\"text-align: justify;\">Que vous g\u00e9riez une petite entreprise ou soyez aux commandes d`une grande multinationale, il existe de nombreux facteurs \u00e0 prendre en compte lors de la planification et de la mise en \u0153uvre d\u2019un projet technologique. Notre \u00e9quipe technique aux c\u00f4t\u00e9s de responsables de projet d\u2019entreprise travaille en collaboration avec votre organisation pour mettre en \u0153uvre avec succ\u00e8s votre projet de technologie. Nous avons les ressources et l\u2019expertise pour d\u00e9ployer et maintenir vos projets de technologie de l\u2019information.<\/p>\n<p style=\"text-align: justify;\">Que vous soyez une petite entreprise avec des besoins simples ou une grande organisation avec des exigences commerciales complexes, nous sommes en mesure de vous aider \u00e0 porter votre projet, \u00e0 \u00e9laborer un plan et \u00e0 recommander la solution technique ad\u00e9quate. Contactez-nous d\u00e8s aujourd\u2019hui et d\u00e9couvrez en plus sur nos offres de services technologiques.<\/p>\n<p style=\"text-align: justify;\">RBQ# :\u00a05739-0411-01<\/p>\n","protected":false},"excerpt":{"rendered":"<p>Soniva a \u00e9t\u00e9 fond\u00e9e sur des principes orient\u00e9s vers le client. Soniva fournit des produits et des services de qualit\u00e9 par lesquels nous mettons en \u0153uvre des projets de technologie dont la r\u00e9ussite est compl\u00e8te du d\u00e9but \u00e0 la fin. L\u2019\u00e9quipe technique de Soniva comprend la complexit\u00e9 de la technologie et la mani\u00e8re par laquelle&#8230;<\/p>\n","protected":false},"author":1,"featured_media":689,"parent":0,"menu_order":4,"comment_status":"closed","ping_status":"closed","template":"","meta":{"_acf_changed":false,"inline_featured_image":false,"footnotes":""},"class_list":["post-773","page","type-page","status-publish","has-post-thumbnail","hentry"],"acf":[],"yoast_head":"<!-- This site is optimized with the Yoast SEO plugin v26.5 - https:\/\/yoast.com\/wordpress\/plugins\/seo\/ -->\n<title>\u00c0 propos - Soniva<\/title>\n<meta name=\"robots\" content=\"index, follow, max-snippet:-1, max-image-preview:large, max-video-preview:-1\" \/>\n<link rel=\"canonical\" href=\"https:\/\/www.soniva.ca\/fr\/a-propos\/\" \/>\n<meta property=\"og:locale\" content=\"fr_FR\" \/>\n<meta property=\"og:type\" content=\"article\" \/>\n<meta property=\"og:title\" content=\"\u00c0 propos - Soniva\" \/>\n<meta property=\"og:description\" content=\"Soniva a \u00e9t\u00e9 fond\u00e9e sur des principes orient\u00e9s vers le client. Soniva fournit des produits et des services de qualit\u00e9 par lesquels nous mettons en \u0153uvre des projets de technologie dont la r\u00e9ussite est compl\u00e8te du d\u00e9but \u00e0 la fin. L\u2019\u00e9quipe technique de Soniva comprend la complexit\u00e9 de la technologie et la mani\u00e8re par laquelle...\" \/>\n<meta property=\"og:url\" content=\"https:\/\/www.soniva.ca\/fr\/a-propos\/\" \/>\n<meta property=\"og:site_name\" content=\"Soniva\" \/>\n<meta property=\"article:modified_time\" content=\"2017-09-08T18:33:45+00:00\" \/>\n<meta property=\"og:image\" content=\"https:\/\/www.soniva.ca\/wp-content\/uploads\/2017\/01\/AboutUs.jpg\" \/>\n\t<meta property=\"og:image:width\" content=\"1900\" \/>\n\t<meta property=\"og:image:height\" content=\"570\" \/>\n\t<meta property=\"og:image:type\" content=\"image\/jpeg\" \/>\n<meta name=\"twitter:card\" content=\"summary_large_image\" \/>\n<meta name=\"twitter:label1\" content=\"Dur\u00e9e de lecture estim\u00e9e\" \/>\n\t<meta name=\"twitter:data1\" content=\"1 minute\" \/>\n<script type=\"application\/ld+json\" class=\"yoast-schema-graph\">{\"@context\":\"https:\/\/schema.org\",\"@graph\":[{\"@type\":\"WebPage\",\"@id\":\"https:\/\/www.soniva.ca\/fr\/a-propos\/\",\"url\":\"https:\/\/www.soniva.ca\/fr\/a-propos\/\",\"name\":\"\u00c0 propos - Soniva\",\"isPartOf\":{\"@id\":\"https:\/\/www.soniva.ca\/#website\"},\"primaryImageOfPage\":{\"@id\":\"https:\/\/www.soniva.ca\/fr\/a-propos\/#primaryimage\"},\"image\":{\"@id\":\"https:\/\/www.soniva.ca\/fr\/a-propos\/#primaryimage\"},\"thumbnailUrl\":\"https:\/\/www.soniva.ca\/wp-content\/uploads\/2017\/01\/AboutUs.jpg\",\"datePublished\":\"2017-09-08T18:30:08+00:00\",\"dateModified\":\"2017-09-08T18:33:45+00:00\",\"breadcrumb\":{\"@id\":\"https:\/\/www.soniva.ca\/fr\/a-propos\/#breadcrumb\"},\"inLanguage\":\"fr-FR\",\"potentialAction\":[{\"@type\":\"ReadAction\",\"target\":[\"https:\/\/www.soniva.ca\/fr\/a-propos\/\"]}]},{\"@type\":\"ImageObject\",\"inLanguage\":\"fr-FR\",\"@id\":\"https:\/\/www.soniva.ca\/fr\/a-propos\/#primaryimage\",\"url\":\"https:\/\/www.soniva.ca\/wp-content\/uploads\/2017\/01\/AboutUs.jpg\",\"contentUrl\":\"https:\/\/www.soniva.ca\/wp-content\/uploads\/2017\/01\/AboutUs.jpg\",\"width\":1900,\"height\":570},{\"@type\":\"BreadcrumbList\",\"@id\":\"https:\/\/www.soniva.ca\/fr\/a-propos\/#breadcrumb\",\"itemListElement\":[{\"@type\":\"ListItem\",\"position\":1,\"name\":\"Home\",\"item\":\"https:\/\/www.soniva.ca\/fr\/\"},{\"@type\":\"ListItem\",\"position\":2,\"name\":\"\u00c0 propos\"}]},{\"@type\":\"WebSite\",\"@id\":\"https:\/\/www.soniva.ca\/#website\",\"url\":\"https:\/\/www.soniva.ca\/\",\"name\":\"Soniva\",\"description\":\"Just another WordPress site\",\"potentialAction\":[{\"@type\":\"SearchAction\",\"target\":{\"@type\":\"EntryPoint\",\"urlTemplate\":\"https:\/\/www.soniva.ca\/?s={search_term_string}\"},\"query-input\":{\"@type\":\"PropertyValueSpecification\",\"valueRequired\":true,\"valueName\":\"search_term_string\"}}],\"inLanguage\":\"fr-FR\"}]}<\/script>\n<!-- \/ Yoast SEO plugin. -->","yoast_head_json":{"title":"\u00c0 propos - Soniva","robots":{"index":"index","follow":"follow","max-snippet":"max-snippet:-1","max-image-preview":"max-image-preview:large","max-video-preview":"max-video-preview:-1"},"canonical":"https:\/\/www.soniva.ca\/fr\/a-propos\/","og_locale":"fr_FR","og_type":"article","og_title":"\u00c0 propos - Soniva","og_description":"Soniva a \u00e9t\u00e9 fond\u00e9e sur des principes orient\u00e9s vers le client. Soniva fournit des produits et des services de qualit\u00e9 par lesquels nous mettons en \u0153uvre des projets de technologie dont la r\u00e9ussite est compl\u00e8te du d\u00e9but \u00e0 la fin. L\u2019\u00e9quipe technique de Soniva comprend la complexit\u00e9 de la technologie et la mani\u00e8re par laquelle...","og_url":"https:\/\/www.soniva.ca\/fr\/a-propos\/","og_site_name":"Soniva","article_modified_time":"2017-09-08T18:33:45+00:00","og_image":[{"width":1900,"height":570,"url":"https:\/\/www.soniva.ca\/wp-content\/uploads\/2017\/01\/AboutUs.jpg","type":"image\/jpeg"}],"twitter_card":"summary_large_image","twitter_misc":{"Dur\u00e9e de lecture estim\u00e9e":"1 minute"},"schema":{"@context":"https:\/\/schema.org","@graph":[{"@type":"WebPage","@id":"https:\/\/www.soniva.ca\/fr\/a-propos\/","url":"https:\/\/www.soniva.ca\/fr\/a-propos\/","name":"\u00c0 propos - Soniva","isPartOf":{"@id":"https:\/\/www.soniva.ca\/#website"},"primaryImageOfPage":{"@id":"https:\/\/www.soniva.ca\/fr\/a-propos\/#primaryimage"},"image":{"@id":"https:\/\/www.soniva.ca\/fr\/a-propos\/#primaryimage"},"thumbnailUrl":"https:\/\/www.soniva.ca\/wp-content\/uploads\/2017\/01\/AboutUs.jpg","datePublished":"2017-09-08T18:30:08+00:00","dateModified":"2017-09-08T18:33:45+00:00","breadcrumb":{"@id":"https:\/\/www.soniva.ca\/fr\/a-propos\/#breadcrumb"},"inLanguage":"fr-FR","potentialAction":[{"@type":"ReadAction","target":["https:\/\/www.soniva.ca\/fr\/a-propos\/"]}]},{"@type":"ImageObject","inLanguage":"fr-FR","@id":"https:\/\/www.soniva.ca\/fr\/a-propos\/#primaryimage","url":"https:\/\/www.soniva.ca\/wp-content\/uploads\/2017\/01\/AboutUs.jpg","contentUrl":"https:\/\/www.soniva.ca\/wp-content\/uploads\/2017\/01\/AboutUs.jpg","width":1900,"height":570},{"@type":"BreadcrumbList","@id":"https:\/\/www.soniva.ca\/fr\/a-propos\/#breadcrumb","itemListElement":[{"@type":"ListItem","position":1,"name":"Home","item":"https:\/\/www.soniva.ca\/fr\/"},{"@type":"ListItem","position":2,"name":"\u00c0 propos"}]},{"@type":"WebSite","@id":"https:\/\/www.soniva.ca\/#website","url":"https:\/\/www.soniva.ca\/","name":"Soniva","description":"Just another WordPress site","potentialAction":[{"@type":"SearchAction","target":{"@type":"EntryPoint","urlTemplate":"https:\/\/www.soniva.ca\/?s={search_term_string}"},"query-input":{"@type":"PropertyValueSpecification","valueRequired":true,"valueName":"search_term_string"}}],"inLanguage":"fr-FR"}]}},"_links":{"self":[{"href":"https:\/\/www.soniva.ca\/fr\/wp-json\/wp\/v2\/pages\/773","targetHints":{"allow":["GET"]}}],"collection":[{"href":"https:\/\/www.soniva.ca\/fr\/wp-json\/wp\/v2\/pages"}],"about":[{"href":"https:\/\/www.soniva.ca\/fr\/wp-json\/wp\/v2\/types\/page"}],"author":[{"embeddable":true,"href":"https:\/\/www.soniva.ca\/fr\/wp-json\/wp\/v2\/users\/1"}],"replies":[{"embeddable":true,"href":"https:\/\/www.soniva.ca\/fr\/wp-json\/wp\/v2\/comments?post=773"}],"version-history":[{"count":3,"href":"https:\/\/www.soniva.ca\/fr\/wp-json\/wp\/v2\/pages\/773\/revisions"}],"predecessor-version":[{"id":776,"href":"https:\/\/www.soniva.ca\/fr\/wp-json\/wp\/v2\/pages\/773\/revisions\/776"}],"wp:featuredmedia":[{"embeddable":true,"href":"https:\/\/www.soniva.ca\/fr\/wp-json\/wp\/v2\/media\/689"}],"wp:attachment":[{"href":"https:\/\/www.soniva.ca\/fr\/wp-json\/wp\/v2\/media?parent=773"}],"curies":[{"name":"wp","href":"https:\/\/api.w.org\/{rel}","templated":true}]}}