{"id":157,"date":"2017-01-02T07:35:11","date_gmt":"2017-01-02T07:35:11","guid":{"rendered":"http:\/\/soniva.dev.creation.lt\/team\/"},"modified":"2017-09-08T18:35:51","modified_gmt":"2017-09-08T18:35:51","slug":"equipe","status":"publish","type":"page","link":"https:\/\/www.soniva.ca\/fr\/equipe\/","title":{"rendered":"\u00c9quipe"},"content":{"rendered":"<p><strong>Diverses comp\u00e9tences et capacit\u00e9s sont n\u00e9cessaires pour atteindre les objectifs du projet. <\/strong><\/p>\n<p style=\"text-align: justify;\">Plus d\u2019une personne est n\u00e9cessaire afin de mettre en \u0153uvre avec succ\u00e8sdes projets de technologie de l\u2019information. Chez Soniva nous disposons d`une approche syst\u00e9matique pour g\u00e9rer efficacement les projets du d\u00e9but \u00e0 la fin. Notre \u00e9quipe de professionnels se sont engag\u00e9s \u00e0 r\u00e9aliser votre projet technologique, et d\u2019atteindre vos objectifs organisationnels. Que vous ayez besoin de r\u00e9aliser une t\u00e2che sp\u00e9cifique ou que vous entrepreniez un projet de grande envergure, nous avons les ressources n\u00e9cessaires pour r\u00e9aliser votre mission.<\/p>\n<h2>Des conseillers en ventes<\/h2>\n<p style=\"text-align: justify;\">Nos conseillers en vente se sont engag\u00e9s \u00e0 recueillir les besoins de l\u2019entreprise et \u00e0 comprendre en d\u00e9tails les objectifs du projet. Ceux-ci prennent le temps d\u2019en apprendre davantage au sujet de votre organisation, c`est pour cela que nous travaillons en \u00e9troite collaboration avec votre \u00e9quipe afin de recueillir les besoins de l\u2019entreprise. Le succ\u00e8s r\u00e9side dans les d\u00e9tails, c\u2019est pourquoi nos conseillers en ventes sont disponibles, pour disposer d`autant d\u2019informations que possible. Le plus d\u2019informations seront rassembl\u00e9es sur votre projet, le plus comp\u00e9tent nous serons pour ex\u00e9cuter un plan de mise en \u0153uvre effectif.<\/p>\n<h2>La gestion de projet<\/h2>\n<p style=\"text-align: justify;\">Les chefs de projet sont responsables pour l\u2019ex\u00e9cution de votre mission. Nos chefs de projet ont une combinaison de connaissances techniques et d`affaires afin de r\u00e9aliser des projets complexes. Chez Soniva nous suivons les m\u00e9thodologies de gestion de projet. Nous planifions et appliquons le plan de ce m\u00eame projet en cons\u00e9quence, puis nous vous fournissons un calendrier r\u00e9aliste et un co\u00fbt d\u00e9taill\u00e9 associ\u00e9 \u00e0 l\u2019accomplissement du projet.<\/p>\n<p>Le temps est \u00e0 l\u2019essence lors de la prise d\u2019une nouvelle mission et nous avons conscience de la r\u00e9alisation de vos projets informatiques. Nos nombreuses ann\u00e9es d\u2019exp\u00e9rience nous distingue des autres entreprises \u00c0 caract\u00e8re technologique et nous sommes confiants dans nos capacit\u00e9s \u00e0 la gestion du processus d`un projet.<\/p>\n<h2>Service client<\/h2>\n<p style=\"text-align: justify;\">Il n\u2019y a pas beaucoup de succ\u00e8s dans un projet si vous n\u2019avez pas le bon service technique apr\u00e8s-vente. L`entretien et le service sont des \u00e9l\u00e9ments essentiels car ils soutiennent le bon fonctionnement de l\u2019entreprise et permettent d`atteindre les objectifs post-mise en \u0153uvre. En d\u00e9pit de la taille du projet, le temps, les efforts et les ressources doivent \u00eatre consacr\u00e9es \u00e0 soutenir vos projets informatiques.<\/p>\n<p class=\"pink\"><strong>Soniva est une soci\u00e9t\u00e9 ax\u00e9e sur la client\u00e8le d\u00e9di\u00e9 au service apr\u00e8s-vente et au soutien.<\/strong><\/p>\n","protected":false},"excerpt":{"rendered":"<p>Diverses comp\u00e9tences et capacit\u00e9s sont n\u00e9cessaires pour atteindre les objectifs du projet. Plus d\u2019une personne est n\u00e9cessaire afin de mettre en \u0153uvre avec succ\u00e8sdes projets de technologie de l\u2019information. Chez Soniva nous disposons d`une approche syst\u00e9matique pour g\u00e9rer efficacement les projets du d\u00e9but \u00e0 la fin. Notre \u00e9quipe de professionnels se sont engag\u00e9s \u00e0 r\u00e9aliser&#8230;<\/p>\n","protected":false},"author":1,"featured_media":761,"parent":0,"menu_order":15,"comment_status":"closed","ping_status":"closed","template":"","meta":{"_acf_changed":false,"inline_featured_image":false,"footnotes":""},"class_list":["post-157","page","type-page","status-publish","has-post-thumbnail","hentry"],"acf":[],"yoast_head":"<!-- This site is optimized with the Yoast SEO plugin v26.5 - https:\/\/yoast.com\/wordpress\/plugins\/seo\/ -->\n<title>\u00c9quipe - Soniva<\/title>\n<meta name=\"robots\" content=\"index, follow, max-snippet:-1, max-image-preview:large, max-video-preview:-1\" \/>\n<link rel=\"canonical\" href=\"https:\/\/www.soniva.ca\/fr\/equipe\/\" \/>\n<meta property=\"og:locale\" content=\"fr_FR\" \/>\n<meta property=\"og:type\" content=\"article\" \/>\n<meta property=\"og:title\" content=\"\u00c9quipe - Soniva\" \/>\n<meta property=\"og:description\" content=\"Diverses comp\u00e9tences et capacit\u00e9s sont n\u00e9cessaires pour atteindre les objectifs du projet. Plus d\u2019une personne est n\u00e9cessaire afin de mettre en \u0153uvre avec succ\u00e8sdes projets de technologie de l\u2019information. Chez Soniva nous disposons d`une approche syst\u00e9matique pour g\u00e9rer efficacement les projets du d\u00e9but \u00e0 la fin. Notre \u00e9quipe de professionnels se sont engag\u00e9s \u00e0 r\u00e9aliser...\" \/>\n<meta property=\"og:url\" content=\"https:\/\/www.soniva.ca\/fr\/equipe\/\" \/>\n<meta property=\"og:site_name\" content=\"Soniva\" \/>\n<meta property=\"article:modified_time\" content=\"2017-09-08T18:35:51+00:00\" \/>\n<meta property=\"og:image\" content=\"https:\/\/www.soniva.ca\/wp-content\/uploads\/2017\/03\/team.jpg\" \/>\n\t<meta property=\"og:image:width\" content=\"1500\" \/>\n\t<meta property=\"og:image:height\" content=\"570\" \/>\n\t<meta property=\"og:image:type\" content=\"image\/jpeg\" \/>\n<meta name=\"twitter:card\" content=\"summary_large_image\" \/>\n<meta name=\"twitter:label1\" content=\"Dur\u00e9e de lecture estim\u00e9e\" \/>\n\t<meta name=\"twitter:data1\" content=\"2 minutes\" \/>\n<script type=\"application\/ld+json\" class=\"yoast-schema-graph\">{\"@context\":\"https:\/\/schema.org\",\"@graph\":[{\"@type\":\"WebPage\",\"@id\":\"https:\/\/www.soniva.ca\/fr\/equipe\/\",\"url\":\"https:\/\/www.soniva.ca\/fr\/equipe\/\",\"name\":\"\u00c9quipe - Soniva\",\"isPartOf\":{\"@id\":\"https:\/\/www.soniva.ca\/#website\"},\"primaryImageOfPage\":{\"@id\":\"https:\/\/www.soniva.ca\/fr\/equipe\/#primaryimage\"},\"image\":{\"@id\":\"https:\/\/www.soniva.ca\/fr\/equipe\/#primaryimage\"},\"thumbnailUrl\":\"https:\/\/www.soniva.ca\/wp-content\/uploads\/2017\/03\/team.jpg\",\"datePublished\":\"2017-01-02T07:35:11+00:00\",\"dateModified\":\"2017-09-08T18:35:51+00:00\",\"breadcrumb\":{\"@id\":\"https:\/\/www.soniva.ca\/fr\/equipe\/#breadcrumb\"},\"inLanguage\":\"fr-FR\",\"potentialAction\":[{\"@type\":\"ReadAction\",\"target\":[\"https:\/\/www.soniva.ca\/fr\/equipe\/\"]}]},{\"@type\":\"ImageObject\",\"inLanguage\":\"fr-FR\",\"@id\":\"https:\/\/www.soniva.ca\/fr\/equipe\/#primaryimage\",\"url\":\"https:\/\/www.soniva.ca\/wp-content\/uploads\/2017\/03\/team.jpg\",\"contentUrl\":\"https:\/\/www.soniva.ca\/wp-content\/uploads\/2017\/03\/team.jpg\",\"width\":1500,\"height\":570},{\"@type\":\"BreadcrumbList\",\"@id\":\"https:\/\/www.soniva.ca\/fr\/equipe\/#breadcrumb\",\"itemListElement\":[{\"@type\":\"ListItem\",\"position\":1,\"name\":\"Home\",\"item\":\"https:\/\/www.soniva.ca\/fr\/\"},{\"@type\":\"ListItem\",\"position\":2,\"name\":\"\u00c9quipe\"}]},{\"@type\":\"WebSite\",\"@id\":\"https:\/\/www.soniva.ca\/#website\",\"url\":\"https:\/\/www.soniva.ca\/\",\"name\":\"Soniva\",\"description\":\"Just another WordPress site\",\"potentialAction\":[{\"@type\":\"SearchAction\",\"target\":{\"@type\":\"EntryPoint\",\"urlTemplate\":\"https:\/\/www.soniva.ca\/?s={search_term_string}\"},\"query-input\":{\"@type\":\"PropertyValueSpecification\",\"valueRequired\":true,\"valueName\":\"search_term_string\"}}],\"inLanguage\":\"fr-FR\"}]}<\/script>\n<!-- \/ Yoast SEO plugin. -->","yoast_head_json":{"title":"\u00c9quipe - Soniva","robots":{"index":"index","follow":"follow","max-snippet":"max-snippet:-1","max-image-preview":"max-image-preview:large","max-video-preview":"max-video-preview:-1"},"canonical":"https:\/\/www.soniva.ca\/fr\/equipe\/","og_locale":"fr_FR","og_type":"article","og_title":"\u00c9quipe - Soniva","og_description":"Diverses comp\u00e9tences et capacit\u00e9s sont n\u00e9cessaires pour atteindre les objectifs du projet. Plus d\u2019une personne est n\u00e9cessaire afin de mettre en \u0153uvre avec succ\u00e8sdes projets de technologie de l\u2019information. Chez Soniva nous disposons d`une approche syst\u00e9matique pour g\u00e9rer efficacement les projets du d\u00e9but \u00e0 la fin. Notre \u00e9quipe de professionnels se sont engag\u00e9s \u00e0 r\u00e9aliser...","og_url":"https:\/\/www.soniva.ca\/fr\/equipe\/","og_site_name":"Soniva","article_modified_time":"2017-09-08T18:35:51+00:00","og_image":[{"width":1500,"height":570,"url":"https:\/\/www.soniva.ca\/wp-content\/uploads\/2017\/03\/team.jpg","type":"image\/jpeg"}],"twitter_card":"summary_large_image","twitter_misc":{"Dur\u00e9e de lecture estim\u00e9e":"2 minutes"},"schema":{"@context":"https:\/\/schema.org","@graph":[{"@type":"WebPage","@id":"https:\/\/www.soniva.ca\/fr\/equipe\/","url":"https:\/\/www.soniva.ca\/fr\/equipe\/","name":"\u00c9quipe - Soniva","isPartOf":{"@id":"https:\/\/www.soniva.ca\/#website"},"primaryImageOfPage":{"@id":"https:\/\/www.soniva.ca\/fr\/equipe\/#primaryimage"},"image":{"@id":"https:\/\/www.soniva.ca\/fr\/equipe\/#primaryimage"},"thumbnailUrl":"https:\/\/www.soniva.ca\/wp-content\/uploads\/2017\/03\/team.jpg","datePublished":"2017-01-02T07:35:11+00:00","dateModified":"2017-09-08T18:35:51+00:00","breadcrumb":{"@id":"https:\/\/www.soniva.ca\/fr\/equipe\/#breadcrumb"},"inLanguage":"fr-FR","potentialAction":[{"@type":"ReadAction","target":["https:\/\/www.soniva.ca\/fr\/equipe\/"]}]},{"@type":"ImageObject","inLanguage":"fr-FR","@id":"https:\/\/www.soniva.ca\/fr\/equipe\/#primaryimage","url":"https:\/\/www.soniva.ca\/wp-content\/uploads\/2017\/03\/team.jpg","contentUrl":"https:\/\/www.soniva.ca\/wp-content\/uploads\/2017\/03\/team.jpg","width":1500,"height":570},{"@type":"BreadcrumbList","@id":"https:\/\/www.soniva.ca\/fr\/equipe\/#breadcrumb","itemListElement":[{"@type":"ListItem","position":1,"name":"Home","item":"https:\/\/www.soniva.ca\/fr\/"},{"@type":"ListItem","position":2,"name":"\u00c9quipe"}]},{"@type":"WebSite","@id":"https:\/\/www.soniva.ca\/#website","url":"https:\/\/www.soniva.ca\/","name":"Soniva","description":"Just another WordPress site","potentialAction":[{"@type":"SearchAction","target":{"@type":"EntryPoint","urlTemplate":"https:\/\/www.soniva.ca\/?s={search_term_string}"},"query-input":{"@type":"PropertyValueSpecification","valueRequired":true,"valueName":"search_term_string"}}],"inLanguage":"fr-FR"}]}},"_links":{"self":[{"href":"https:\/\/www.soniva.ca\/fr\/wp-json\/wp\/v2\/pages\/157","targetHints":{"allow":["GET"]}}],"collection":[{"href":"https:\/\/www.soniva.ca\/fr\/wp-json\/wp\/v2\/pages"}],"about":[{"href":"https:\/\/www.soniva.ca\/fr\/wp-json\/wp\/v2\/types\/page"}],"author":[{"embeddable":true,"href":"https:\/\/www.soniva.ca\/fr\/wp-json\/wp\/v2\/users\/1"}],"replies":[{"embeddable":true,"href":"https:\/\/www.soniva.ca\/fr\/wp-json\/wp\/v2\/comments?post=157"}],"version-history":[{"count":13,"href":"https:\/\/www.soniva.ca\/fr\/wp-json\/wp\/v2\/pages\/157\/revisions"}],"predecessor-version":[{"id":778,"href":"https:\/\/www.soniva.ca\/fr\/wp-json\/wp\/v2\/pages\/157\/revisions\/778"}],"wp:featuredmedia":[{"embeddable":true,"href":"https:\/\/www.soniva.ca\/fr\/wp-json\/wp\/v2\/media\/761"}],"wp:attachment":[{"href":"https:\/\/www.soniva.ca\/fr\/wp-json\/wp\/v2\/media?parent=157"}],"curies":[{"name":"wp","href":"https:\/\/api.w.org\/{rel}","templated":true}]}}